{"id":41,"date":"2025-04-23T18:14:31","date_gmt":"2025-04-23T16:14:31","guid":{"rendered":"https:\/\/hiring.pomakplus.hr\/?page_id=41"},"modified":"2025-04-29T14:41:50","modified_gmt":"2025-04-29T12:41:50","slug":"pocetna","status":"publish","type":"page","link":"https:\/\/hiring.pomakplus.hr\/","title":{"rendered":"Po\u010detna"},"content":{"rendered":"\t\t<div data-elementor-type=\"wp-page\" data-elementor-id=\"41\" class=\"elementor elementor-41\" data-elementor-post-type=\"page\">\n\t\t\t\t\t\t<section class=\"elementor-section elementor-top-section elementor-element elementor-element-3ddb282e elementor-section-full_width elementor-section-height-default elementor-section-height-default\" data-id=\"3ddb282e\" data-element_type=\"section\">\n\t\t\t\t\t\t<div class=\"elementor-container elementor-column-gap-default\">\n\t\t\t\t\t<div class=\"elementor-column elementor-col-100 elementor-top-column elementor-element elementor-element-3a156a92\" data-id=\"3a156a92\" data-element_type=\"column\">\n\t\t\t<div class=\"elementor-widget-wrap elementor-element-populated\">\n\t\t\t\t\t\t<div class=\"elementor-element elementor-element-dddda8a elementor-widget elementor-widget-flex-slider\" data-id=\"dddda8a\" data-element_type=\"widget\" data-widget_type=\"flex-slider.default\">\n\t\t\t\t<div class=\"elementor-widget-container\">\n\t\t\t\t\t\t\t\t<div class=\"flexslider directionnav- \" data-height=\"682\" data-height_tablet=\"682\" data-height_mobile=\"682\" data-animation_images=\"\" data-autoplay=\"true\" data-slideshowSpeed=\"3000\" data-directionnav=\"\" data-controlnav=\"\" data-prevtext=\"\" data-nexttext=\"\">\r\n\t\t\t\t<ul class=\"slides\">\r\n\t\t\t\t\t<li class=\"item-slide\">\r\n\t\t\t\t\t\t\t\t\t<div class=\"bgimg \" style=\"background-image:url(https:\/\/hiring.pomakplus.hr\/wp-content\/uploads\/2025\/04\/img_slide_Home02-BDDZQ9X.jpg); background-size: cover; background-position: 50%;\"><\/div>\r\n\t\t\t\t\t\t\t\t\t<div class=\"overlay\" style=\"background:#00000099\"><\/div>\r\n\t\t\t\t\t\t\t\t\t\r\n\t\t\t\t\t\t\t\t\t<div class=\"flex_caption container\">\r\n\t\t                        \t\t\r\n\t\t                        \t\t<h1 class=\"title captionDelay6 fromTop\">Vozi za Pomak Plus! Po\u010detna pla\u0107a od 1200\u20ac<\/h1>\r\n\t\t                        \t\t<p class=\"desc captionDelay2 fromTop\">Tra\u017ei\u0161 siguran posao s po\u0161tenom zaradom bez skrivenih tro\u0161kova? Pridru\u017ei se na\u0161em timu voza\u010da u Zagrebu!<\/p>\r\n\t\t                        \t\t<ul class=\"button-group\"> <li class=\" fromTop\">\r\n\t\t\t\t\t\t\t\t\t\t\t<a href=\"http:\/\/tel\" class=\"button-one elementor-repeater-item-457fc89\">Prijavi se putem Whatsappa <span class=\"btn-icon-right\"><\/span><\/a>\r\n\t\t\t\t\t\t\t\t\t\t<\/li><li class=\" fromTop\">\r\n\t\t\t\t\t\t\t\t\t\t\t<a href=\"#prijava\" class=\"button-one elementor-repeater-item-5828d3d\">Prijavi se za posao <span class=\"btn-icon-right\"><\/span><\/a>\r\n\t\t\t\t\t\t\t\t\t\t<\/li><\/ul>\r\n\t\t\t\t                    <\/div>\t                    \r\n\t\t\t\t                    \r\n\t\t\t\t\t\t\t\t<\/li>\t\t\t\t<\/ul> \r\n\t\t\t<\/div>\r\n\t\t\t\t\t\t\t<\/div>\n\t\t\t\t<\/div>\n\t\t\t\t\t<\/div>\n\t\t<\/div>\n\t\t\t\t\t<\/div>\n\t\t<\/section>\n\t\t\t\t<section class=\"elementor-section elementor-top-section elementor-element elementor-element-3fc09faa elementor-hidden-mobile elementor-section-boxed elementor-section-height-default elementor-section-height-default\" data-id=\"3fc09faa\" data-element_type=\"section\" data-settings=\"{&quot;background_background&quot;:&quot;classic&quot;}\">\n\t\t\t\t\t\t<div class=\"elementor-container elementor-column-gap-default\">\n\t\t\t\t\t<div class=\"elementor-column elementor-col-50 elementor-top-column elementor-element elementor-element-5d92fa08\" data-id=\"5d92fa08\" data-element_type=\"column\">\n\t\t\t<div class=\"elementor-widget-wrap elementor-element-populated\">\n\t\t\t\t\t\t<div class=\"elementor-element elementor-element-2d02f170 animated-slow elementor-invisible elementor-widget elementor-widget-image\" data-id=\"2d02f170\" data-element_type=\"widget\" data-settings=\"{&quot;_animation&quot;:&quot;fadeInUp&quot;}\" data-widget_type=\"image.default\">\n\t\t\t\t<div class=\"elementor-widget-container\">\n\t\t\t\t\t\t\t\t\t\t\t\t\t\t\t<img fetchpriority=\"high\" decoding=\"async\" width=\"1300\" height=\"800\" src=\"https:\/\/hiring.pomakplus.hr\/wp-content\/uploads\/2025\/04\/yellow-taxi-sign-in-old-historical-town-2025-03-09-23-05-13-utc-1.jpg\" class=\"attachment-full size-full wp-image-72\" alt=\"\" srcset=\"https:\/\/hiring.pomakplus.hr\/wp-content\/uploads\/2025\/04\/yellow-taxi-sign-in-old-historical-town-2025-03-09-23-05-13-utc-1.jpg 1300w, https:\/\/hiring.pomakplus.hr\/wp-content\/uploads\/2025\/04\/yellow-taxi-sign-in-old-historical-town-2025-03-09-23-05-13-utc-1-300x185.jpg 300w, https:\/\/hiring.pomakplus.hr\/wp-content\/uploads\/2025\/04\/yellow-taxi-sign-in-old-historical-town-2025-03-09-23-05-13-utc-1-1024x630.jpg 1024w, https:\/\/hiring.pomakplus.hr\/wp-content\/uploads\/2025\/04\/yellow-taxi-sign-in-old-historical-town-2025-03-09-23-05-13-utc-1-768x473.jpg 768w\" sizes=\"(max-width: 1300px) 100vw, 1300px\" \/>\t\t\t\t\t\t\t\t\t\t\t\t\t\t\t<\/div>\n\t\t\t\t<\/div>\n\t\t\t\t<div class=\"elementor-element elementor-element-4eb31722 animated-slow elementor-view-default elementor-invisible elementor-widget elementor-widget-icon\" data-id=\"4eb31722\" data-element_type=\"widget\" data-settings=\"{&quot;_animation&quot;:&quot;fadeInUp&quot;,&quot;_animation_delay&quot;:60}\" data-widget_type=\"icon.default\">\n\t\t\t\t<div class=\"elementor-widget-container\">\n\t\t\t\t\t\t\t<div class=\"elementor-icon-wrapper\">\n\t\t\t<div class=\"elementor-icon\">\n\t\t\t<svg aria-hidden=\"true\" class=\"e-font-icon-svg e-fas-circle\" viewBox=\"0 0 512 512\" xmlns=\"http:\/\/www.w3.org\/2000\/svg\"><path d=\"M256 8C119 8 8 119 8 256s111 248 248 248 248-111 248-248S393 8 256 8z\"><\/path><\/svg>\t\t\t<\/div>\n\t\t<\/div>\n\t\t\t\t\t\t<\/div>\n\t\t\t\t<\/div>\n\t\t\t\t<div class=\"elementor-element elementor-element-1b16df5a animated-slow elementor-invisible elementor-widget elementor-widget-heading\" data-id=\"1b16df5a\" data-element_type=\"widget\" data-settings=\"{&quot;_animation&quot;:&quot;fadeInUp&quot;,&quot;_animation_delay&quot;:120}\" data-widget_type=\"heading.default\">\n\t\t\t\t<div class=\"elementor-widget-container\">\n\t\t\t\t\t<h6 class=\"elementor-heading-title elementor-size-default\">Pomak Plus: <\/h6>\t\t\t\t<\/div>\n\t\t\t\t<\/div>\n\t\t\t\t<div class=\"elementor-element elementor-element-403075a1 animated-slow elementor-invisible elementor-widget elementor-widget-heading\" data-id=\"403075a1\" data-element_type=\"widget\" data-settings=\"{&quot;_animation&quot;:&quot;fadeInUp&quot;,&quot;_animation_delay&quot;:180}\" data-widget_type=\"heading.default\">\n\t\t\t\t<div class=\"elementor-widget-container\">\n\t\t\t\t\t<h2 class=\"elementor-heading-title elementor-size-default\">Va\u0161 pouzdan partner na cesti<\/h2>\t\t\t\t<\/div>\n\t\t\t\t<\/div>\n\t\t\t\t<div class=\"elementor-element elementor-element-39de0756 animated-slow elementor-invisible elementor-widget elementor-widget-text-editor\" data-id=\"39de0756\" data-element_type=\"widget\" data-settings=\"{&quot;_animation&quot;:&quot;fadeInUp&quot;,&quot;_animation_delay&quot;:240}\" data-widget_type=\"text-editor.default\">\n\t\t\t\t<div class=\"elementor-widget-container\">\n\t\t\t\t\t\t\t\t\t<p>U Pomak Plusu \u010dvrsto vjerujemo da svaki voza\u010d zaslu\u017euje po\u0161tovanje, sigurnost i, najva\u017enije, po\u0161tenu pla\u0107u za svoj rad. Na\u0161a misija je stvoriti radno okru\u017eenje u kojem se cijeni trud, a transparentnost je na prvom mjestu. Zaboravite na skrivene tro\u0161kove i nejasne odbitke \u2013 kod nas znate na \u010demu ste. Gradimo zajednicu profesionalnih voza\u010da koji \u017eele pouzdanog partnera i priliku za rast zarade sukladno vlastitom anga\u017emanu. Ako tra\u017eite stabilnost i fer uvjete, na pravom ste mjestu.<\/p>\t\t\t\t\t\t\t\t<\/div>\n\t\t\t\t<\/div>\n\t\t\t\t<div class=\"elementor-element elementor-element-1c37b738 elementor-widget-divider--view-line elementor-widget elementor-widget-divider\" data-id=\"1c37b738\" data-element_type=\"widget\" data-widget_type=\"divider.default\">\n\t\t\t\t<div class=\"elementor-widget-container\">\n\t\t\t\t\t\t\t<div class=\"elementor-divider\">\n\t\t\t<span class=\"elementor-divider-separator\">\n\t\t\t\t\t\t<\/span>\n\t\t<\/div>\n\t\t\t\t\t\t<\/div>\n\t\t\t\t<\/div>\n\t\t\t\t<div class=\"elementor-element elementor-element-9c39696 elementor-icon-list--layout-inline animated-slow elementor-list-item-link-full_width elementor-invisible elementor-widget elementor-widget-icon-list\" data-id=\"9c39696\" data-element_type=\"widget\" data-settings=\"{&quot;_animation&quot;:&quot;fadeInUp&quot;,&quot;_animation_delay&quot;:300}\" data-widget_type=\"icon-list.default\">\n\t\t\t\t<div class=\"elementor-widget-container\">\n\t\t\t\t\t\t\t<ul class=\"elementor-icon-list-items elementor-inline-items\">\n\t\t\t\t\t\t\t<li class=\"elementor-icon-list-item elementor-inline-item\">\n\t\t\t\t\t\t\t\t\t\t<span class=\"elementor-icon-list-text\">Sigurno.<\/span>\n\t\t\t\t\t\t\t\t\t<\/li>\n\t\t\t\t\t\t\t\t<li class=\"elementor-icon-list-item elementor-inline-item\">\n\t\t\t\t\t\t\t\t\t\t<span class=\"elementor-icon-list-text\">Brzo.<\/span>\n\t\t\t\t\t\t\t\t\t<\/li>\n\t\t\t\t\t\t\t\t<li class=\"elementor-icon-list-item elementor-inline-item\">\n\t\t\t\t\t\t\t\t\t\t<span class=\"elementor-icon-list-text\">Efikasno.<\/span>\n\t\t\t\t\t\t\t\t\t<\/li>\n\t\t\t\t\t\t<\/ul>\n\t\t\t\t\t\t<\/div>\n\t\t\t\t<\/div>\n\t\t\t\t\t<\/div>\n\t\t<\/div>\n\t\t\t\t<div class=\"elementor-column elementor-col-50 elementor-top-column elementor-element elementor-element-41801abe\" data-id=\"41801abe\" data-element_type=\"column\" id=\"prijava\">\n\t\t\t<div class=\"elementor-widget-wrap elementor-element-populated\">\n\t\t\t\t\t\t<div class=\"elementor-element elementor-element-4482f134 animated-slow elementor-view-default elementor-invisible elementor-widget elementor-widget-icon\" data-id=\"4482f134\" data-element_type=\"widget\" data-settings=\"{&quot;_animation&quot;:&quot;fadeInUp&quot;}\" data-widget_type=\"icon.default\">\n\t\t\t\t<div class=\"elementor-widget-container\">\n\t\t\t\t\t\t\t<div class=\"elementor-icon-wrapper\">\n\t\t\t<div class=\"elementor-icon\">\n\t\t\t<svg aria-hidden=\"true\" class=\"e-font-icon-svg e-fas-circle\" viewBox=\"0 0 512 512\" xmlns=\"http:\/\/www.w3.org\/2000\/svg\"><path d=\"M256 8C119 8 8 119 8 256s111 248 248 248 248-111 248-248S393 8 256 8z\"><\/path><\/svg>\t\t\t<\/div>\n\t\t<\/div>\n\t\t\t\t\t\t<\/div>\n\t\t\t\t<\/div>\n\t\t\t\t<div class=\"elementor-element elementor-element-5926ef0c animated-slow elementor-invisible elementor-widget elementor-widget-heading\" data-id=\"5926ef0c\" data-element_type=\"widget\" data-settings=\"{&quot;_animation&quot;:&quot;fadeInUp&quot;,&quot;_animation_delay&quot;:140}\" data-widget_type=\"heading.default\">\n\t\t\t\t<div class=\"elementor-widget-container\">\n\t\t\t\t\t<h2 class=\"elementor-heading-title elementor-size-default\">Prijavi se na posao<\/h2>\t\t\t\t<\/div>\n\t\t\t\t<\/div>\n\t\t\t\t<div class=\"elementor-element elementor-element-259dc6eb elementor-widget__width-auto elementor-hidden-mobile animated-slow elementor-view-default elementor-invisible elementor-widget elementor-widget-icon\" data-id=\"259dc6eb\" data-element_type=\"widget\" data-settings=\"{&quot;_animation&quot;:&quot;fadeInUp&quot;}\" data-widget_type=\"icon.default\">\n\t\t\t\t<div class=\"elementor-widget-container\">\n\t\t\t\t\t\t\t<div class=\"elementor-icon-wrapper\">\n\t\t\t<div class=\"elementor-icon\">\n\t\t\t<i aria-hidden=\"true\" class=\"icon icon-phone1\"><\/i>\t\t\t<\/div>\n\t\t<\/div>\n\t\t\t\t\t\t<\/div>\n\t\t\t\t<\/div>\n\t\t\t\t<div class=\"elementor-element elementor-element-4e4c48b elementor-widget__width-auto elementor-hidden-mobile animated-slow elementor-vertical-align-top elementor-invisible elementor-widget elementor-widget-image-box\" data-id=\"4e4c48b\" data-element_type=\"widget\" data-settings=\"{&quot;_animation&quot;:&quot;fadeInUp&quot;}\" data-widget_type=\"image-box.default\">\n\t\t\t\t<div class=\"elementor-widget-container\">\n\t\t\t\t\t<div class=\"elementor-image-box-wrapper\"><div class=\"elementor-image-box-content\"><h3 class=\"elementor-image-box-title\">Call and book emergency taxi<\/h3><p class=\"elementor-image-box-description\">888 888 0000<\/p><\/div><\/div>\t\t\t\t<\/div>\n\t\t\t\t<\/div>\n\t\t\t\t<div class=\"elementor-element elementor-element-8265b6c fluentform-widget-submit-button-custom elementor-widget elementor-widget-fluent-form-widget\" data-id=\"8265b6c\" data-element_type=\"widget\" data-widget_type=\"fluent-form-widget.default\">\n\t\t\t\t<div class=\"elementor-widget-container\">\n\t\t\t\t\t\n            <div class=\"fluentform-widget-wrapper fluentform-widget-align-default\">\n\n            \n            <div class='fluentform ff-default fluentform_wrapper_4 ffs_default_wrap'><form data-form_id=\"4\" id=\"fluentform_4\" class=\"frm-fluent-form fluent_form_4 ff-el-form-top ff_form_instance_4_1 ff-form-loading ffs_default\" data-form_instance=\"ff_form_instance_4_1\" method=\"POST\" ><fieldset  style=\"border: none!important;margin: 0!important;padding: 0!important;background-color: transparent!important;box-shadow: none!important;outline: none!important; min-inline-size: 100%;\">\n                    <legend class=\"ff_screen_reader_title\" style=\"display: block; margin: 0!important;padding: 0!important;height: 0!important;text-indent: -999999px;width: 0!important;overflow:hidden;\">Prijava<\/legend><input type='hidden' name='__fluent_form_embded_post_id' value='41' \/><input type=\"hidden\" id=\"_fluentform_4_fluentformnonce\" name=\"_fluentform_4_fluentformnonce\" value=\"83b961d1f1\" \/><input type=\"hidden\" name=\"_wp_http_referer\" value=\"\/index.php\/wp-json\/wp\/v2\/pages\/41\" \/><div data-type=\"name-element\" data-name=\"names\" class=\" ff-field_container ff-name-field-wrapper\" ><div class='ff-t-container'><div class='ff-t-cell '><div class='ff-el-group ff-el-form-top'><div class=\"ff-el-input--label ff-el-is-required asterisk-right\"><label for='ff_4_names_first_name_' >Ime i prezime<\/label><\/div><div class='ff-el-input--content'><input type=\"text\" name=\"names[first_name]\" id=\"ff_4_names_first_name_\" class=\"ff-el-form-control\" placeholder=\"Va\u0161e ime\" aria-invalid=\"false\" aria-required=true><\/div><\/div><\/div><\/div><\/div><div class='ff-el-group'><div class=\"ff-el-input--label ff-el-is-required asterisk-right\"><label for='ff_4_email' aria-label=\"Email\">Email<\/label><\/div><div class='ff-el-input--content'><input type=\"email\" name=\"email\" id=\"ff_4_email\" class=\"ff-el-form-control\" placeholder=\"Email Address\" data-name=\"email\"  aria-invalid=\"false\" aria-required=true><\/div><\/div><div class='ff-el-group'><div class=\"ff-el-input--label ff-el-is-required asterisk-right\"><label for='ff_4_numeric_field' aria-label=\"Broj telefona\">Broj telefona<\/label><\/div><div class='ff-el-input--content'><input type=\"number\" name=\"numeric_field\" id=\"ff_4_numeric_field\" class=\"ff-el-form-control\" placeholder=\"Va\u0161 broj telefona\" data-name=\"numeric_field\" inputmode=\"numeric\" step=\"any\"  aria-invalid=\"false\" aria-required=true><\/div><\/div><div class='ff-el-group ff-text-left ff_submit_btn_wrapper'><button type=\"submit\" class=\"ff-btn ff-btn-submit ff-btn-md ff_btn_style\" >Prijavi se<\/button><\/div><\/fieldset><\/form><div id='fluentform_4_errors' class='ff-errors-in-stack ff_form_instance_4_1 ff-form-loading_errors ff_form_instance_4_1_errors'><\/div><\/div>        <script type=\"text\/javascript\">\n            window.fluent_form_ff_form_instance_4_1 = {\"id\":\"4\",\"settings\":{\"layout\":{\"labelPlacement\":\"top\",\"asteriskPlacement\":\"asterisk-right\",\"helpMessagePlacement\":\"with_label\",\"errorMessagePlacement\":\"inline\",\"cssClassName\":\"\"},\"restrictions\":{\"denyEmptySubmission\":{\"enabled\":false}}},\"form_instance\":\"ff_form_instance_4_1\",\"form_id_selector\":\"fluentform_4\",\"rules\":{\"names[first_name]\":{\"required\":{\"value\":true,\"message\":\"This field is required\",\"global_message\":\"This field is required\",\"global\":true}},\"names[middle_name]\":{\"required\":{\"value\":false,\"message\":\"This field is required\",\"global_message\":\"This field is required\",\"global\":true}},\"names[last_name]\":{\"required\":{\"value\":false,\"message\":\"This field is required\",\"global_message\":\"This field is required\",\"global\":true}},\"email\":{\"required\":{\"value\":true,\"message\":\"This field is required\",\"global_message\":\"This field is required\",\"global\":true},\"email\":{\"value\":true,\"message\":\"This field must contain a valid email\",\"global_message\":\"This field must contain a valid email\",\"global\":true}},\"numeric_field\":{\"required\":{\"value\":true,\"message\":\"This field is required\",\"global_message\":\"This field is required\",\"global\":true},\"numeric\":{\"value\":true,\"message\":\"This field must contain numeric value\",\"global_message\":\"This field must contain numeric value\",\"global\":true},\"min\":{\"value\":\"\",\"message\":\"Validation fails for minimum value\",\"global_message\":\"Validation fails for minimum value\",\"global\":true},\"max\":{\"value\":\"\",\"message\":\"Validation fails for maximum value\",\"global_message\":\"Validation fails for maximum value\",\"global\":true},\"digits\":{\"value\":\"\",\"message\":\"Validation fails for limited digits\",\"global_message\":\"Validation fails for limited digits\",\"global\":true}}},\"debounce_time\":300};\n                    <\/script>\n                    <\/div>\n\n            \t\t\t\t<\/div>\n\t\t\t\t<\/div>\n\t\t\t\t\t<\/div>\n\t\t<\/div>\n\t\t\t\t\t<\/div>\n\t\t<\/section>\n\t\t\t\t<section class=\"elementor-section elementor-top-section elementor-element elementor-element-6d888cbb elementor-section-boxed elementor-section-height-default elementor-section-height-default\" data-id=\"6d888cbb\" data-element_type=\"section\">\n\t\t\t\t\t\t<div class=\"elementor-container elementor-column-gap-default\">\n\t\t\t\t\t<div class=\"elementor-column elementor-col-100 elementor-top-column elementor-element elementor-element-60316282\" data-id=\"60316282\" data-element_type=\"column\">\n\t\t\t<div class=\"elementor-widget-wrap elementor-element-populated\">\n\t\t\t\t\t\t<div class=\"elementor-element elementor-element-118349d6 elementor-view-default elementor-widget elementor-widget-icon\" data-id=\"118349d6\" data-element_type=\"widget\" data-widget_type=\"icon.default\">\n\t\t\t\t<div class=\"elementor-widget-container\">\n\t\t\t\t\t\t\t<div class=\"elementor-icon-wrapper\">\n\t\t\t<div class=\"elementor-icon\">\n\t\t\t<svg aria-hidden=\"true\" class=\"e-font-icon-svg e-fas-circle\" viewBox=\"0 0 512 512\" xmlns=\"http:\/\/www.w3.org\/2000\/svg\"><path d=\"M256 8C119 8 8 119 8 256s111 248 248 248 248-111 248-248S393 8 256 8z\"><\/path><\/svg>\t\t\t<\/div>\n\t\t<\/div>\n\t\t\t\t\t\t<\/div>\n\t\t\t\t<\/div>\n\t\t\t\t<div class=\"elementor-element elementor-element-413f875b elementor-widget elementor-widget-heading\" data-id=\"413f875b\" data-element_type=\"widget\" data-widget_type=\"heading.default\">\n\t\t\t\t<div class=\"elementor-widget-container\">\n\t\t\t\t\t<h2 class=\"elementor-heading-title elementor-size-default\">Postani dio Pomak Plus tima! Voza\u010d (m\/\u017e) - Zagreb | Po\u010detna Pla\u0107a 1200\u20ac<\/h2>\t\t\t\t<\/div>\n\t\t\t\t<\/div>\n\t\t\t\t<div class=\"elementor-element elementor-element-3cf6fb4a elementor-widget elementor-widget-text-editor\" data-id=\"3cf6fb4a\" data-element_type=\"widget\" data-widget_type=\"text-editor.default\">\n\t\t\t\t<div class=\"elementor-widget-container\">\n\t\t\t\t\t\t\t\t\t<p data-sourcepos=\"5:1-5:91\">\u00a0<strong>Tvrtka:<\/strong> Pomak Plus<\/p><p data-sourcepos=\"9:1-9:20\"><strong>Lokacija:<\/strong> Zagreb<\/p><hr data-sourcepos=\"11:1-11:5\" \/><p data-sourcepos=\"13:1-13:90\"><strong>Tra\u017ei\u0161 posao voza\u010da u Zagrebu gdje se tvoj trud cijeni, a zarada je po\u0161tena i sigurna?<\/strong><\/p><p data-sourcepos=\"15:1-15:233\"><strong>Pomak Plus<\/strong> je tvrtka koja vjeruje u transparentnost i fer odnos prema svojim zaposlenicima. Zbog pove\u0107anog obujma posla, \u0161irimo na\u0161 tim i tra\u017eimo motivirane i pouzdane <strong>VOZA\u010cE (m\/\u017e)<\/strong> koji \u0107e se pridru\u017eiti na\u0161oj uspje\u0161noj pri\u010di.<\/p><p data-sourcepos=\"17:1-17:15\"><strong>\u0160to nudimo:<\/strong><\/p><ul data-sourcepos=\"19:3-27:0\"><li data-sourcepos=\"19:3-19:63\"><strong>Po\u010detna pla\u0107a od 1200\u20ac:<\/strong> Sigurna i konkurentna primanja.<\/li><li data-sourcepos=\"20:3-20:82\"><strong>Zarada koja raste s trudom:<\/strong> Va\u0161 anga\u017eman direktno utje\u010de na visinu zarade.<\/li><li data-sourcepos=\"21:3-21:148\"><strong>Svi operativni tro\u0161kovi pokriveni:<\/strong> Vozite bez brige o tro\u0161kovima goriva, odr\u017eavanja vozila i sl. (<em>prilagoditi ako nije ba\u0161 sve pokriveno<\/em>).<\/li><li data-sourcepos=\"22:3-22:101\"><strong>Bez skrivenih tro\u0161kova i odbitaka:<\/strong> Cijenimo va\u0161 rad \u2013 ne uzimamo postotak (%) od va\u0161e zarade.<\/li><li data-sourcepos=\"23:3-23:80\"><strong>Stabilno i podr\u017eavaju\u0107e radno okru\u017eenje:<\/strong> Dio ste tima koji brine o vama.<\/li><li data-sourcepos=\"24:3-24:69\"><strong>Transparentni uvjeti rada:<\/strong> Jasno definirana pravila i obveze.<\/li><\/ul><p data-sourcepos=\"28:1-28:23\"><strong>Tvoje odgovornosti:<\/strong><\/p><ul data-sourcepos=\"30:3-34:0\"><li data-sourcepos=\"30:3-30:81\">Siguran i profesionalan prijevoz putnika na podru\u010dju grada Zagreba i okolice.<\/li><li data-sourcepos=\"31:3-31:39\">Ljubazna komunikacija s klijentima.<\/li><li data-sourcepos=\"32:3-32:42\">Odr\u017eavanje \u010disto\u0107e i urednosti vozila.<\/li><li data-sourcepos=\"33:3-34:0\">Po\u0161tivanje prometnih propisa i internih pravila tvrtke.<\/li><\/ul><p data-sourcepos=\"35:1-35:26\"><strong>\u0160to o\u010dekujemo od tebe:<\/strong><\/p><ul data-sourcepos=\"37:3-44:0\"><li data-sourcepos=\"37:3-37:40\">Va\u017ee\u0107a voza\u010dka dozvola B kategorije.<\/li><li data-sourcepos=\"38:3-38:61\">Odgovornost, pouzdanost i visoka razina profesionalnosti.<\/li><li data-sourcepos=\"39:3-39:34\">Dobre komunikacijske vje\u0161tine.<\/li><li data-sourcepos=\"40:3-40:53\">Spremnost na rad u smjenama (ako je primjenjivo).<\/li><li data-sourcepos=\"41:3-41:28\">Potvrda o neka\u017enjavanju.<\/li><li data-sourcepos=\"42:3-42:51\">Minimalno poznavanje grada Zagreba je prednost.<\/li><li data-sourcepos=\"43:3-44:0\">Prethodno iskustvo u prijevozu putnika (taxi, transferi) je prednost, ali nije uvjet.<\/li><\/ul><p data-sourcepos=\"45:1-45:37\"><strong>Napravi pomak u svojoj karijeri!<\/strong><\/p><p data-sourcepos=\"47:1-47:83\">Ako \u017eeli\u0161 voziti za tvrtku koja cijeni tvoj rad i nudi odli\u010dne uvjete, prijavi se!<\/p><p data-sourcepos=\"49:1-49:100\">Po\u0161alji svoj \u017eivotopis (CV) na email: <b>info@pomakplus.hr <\/b>s naslovom &#8220;Prijava za voza\u010da&#8221;.<\/p><p data-sourcepos=\"53:1-53:45\"><strong>Pridru\u017ei se Pomak Plus timu \u2013 \u010dekamo te!<\/strong><\/p>\t\t\t\t\t\t\t\t<\/div>\n\t\t\t\t<\/div>\n\t\t\t\t\t<\/div>\n\t\t<\/div>\n\t\t\t\t\t<\/div>\n\t\t<\/section>\n\t\t\t\t<\/div>\n\t\t","protected":false},"excerpt":{"rendered":"<p>Vozi za Pomak Plus! Po\u010detna pla\u0107a od 1200\u20ac Tra\u017ei\u0161 siguran posao s po\u0161tenom zaradom bez skrivenih tro\u0161kova? Pridru\u017ei se na\u0161em timu voza\u010da u Zagrebu! Prijavi se putem Whatsappa Prijavi se za posao Pomak Plus: Va\u0161 pouzdan partner na cesti U Pomak Plusu \u010dvrsto vjerujemo da svaki voza\u010d zaslu\u017euje po\u0161tovanje, sigurnost i, najva\u017enije, po\u0161tenu pla\u0107u za [&hellip;]<\/p>\n","protected":false},"author":1,"featured_media":0,"parent":0,"menu_order":0,"comment_status":"closed","ping_status":"closed","template":"","meta":{"footnotes":""},"class_list":["post-41","page","type-page","status-publish","hentry"],"_links":{"self":[{"href":"https:\/\/hiring.pomakplus.hr\/index.php\/wp-json\/wp\/v2\/pages\/41","targetHints":{"allow":["GET"]}}],"collection":[{"href":"https:\/\/hiring.pomakplus.hr\/index.php\/wp-json\/wp\/v2\/pages"}],"about":[{"href":"https:\/\/hiring.pomakplus.hr\/index.php\/wp-json\/wp\/v2\/types\/page"}],"author":[{"embeddable":true,"href":"https:\/\/hiring.pomakplus.hr\/index.php\/wp-json\/wp\/v2\/users\/1"}],"replies":[{"embeddable":true,"href":"https:\/\/hiring.pomakplus.hr\/index.php\/wp-json\/wp\/v2\/comments?post=41"}],"version-history":[{"count":31,"href":"https:\/\/hiring.pomakplus.hr\/index.php\/wp-json\/wp\/v2\/pages\/41\/revisions"}],"predecessor-version":[{"id":117,"href":"https:\/\/hiring.pomakplus.hr\/index.php\/wp-json\/wp\/v2\/pages\/41\/revisions\/117"}],"wp:attachment":[{"href":"https:\/\/hiring.pomakplus.hr\/index.php\/wp-json\/wp\/v2\/media?parent=41"}],"curies":[{"name":"wp","href":"https:\/\/api.w.org\/{rel}","templated":true}]}}